{"id":152,"date":"2025-12-28T18:28:16","date_gmt":"2025-12-28T18:28:16","guid":{"rendered":"https:\/\/www.lacoulisse.com.tr\/?page_id=152"},"modified":"2026-03-05T23:58:44","modified_gmt":"2026-03-05T23:58:44","slug":"ekibimiz","status":"publish","type":"page","link":"https:\/\/www.lacoulisse.com.tr\/en\/ekibimiz\/","title":{"rendered":"OUR TEAM"},"content":{"rendered":"<div data-elementor-type=\"wp-page\" data-elementor-id=\"152\" class=\"elementor elementor-152\">\n\t\t\t\t\t\t<section class=\"elementor-section elementor-top-section elementor-element elementor-element-dcfaee8 elementor-section-full_width elementor-section-height-default elementor-section-height-default\" data-id=\"dcfaee8\" data-element_type=\"section\">\n\t\t\t\t\t\t<div class=\"elementor-container elementor-column-gap-no\">\n\t\t\t\t\t<div class=\"elementor-column elementor-col-100 elementor-top-column elementor-element elementor-element-730fc5e\" data-id=\"730fc5e\" data-element_type=\"column\">\n\t\t\t<div class=\"elementor-widget-wrap elementor-element-populated\">\n\t\t\t\t\t\t<div class=\"elementor-element elementor-element-0e73054 elementor-widget elementor-widget-ideapark-page-header\" data-id=\"0e73054\" data-element_type=\"widget\" data-widget_type=\"ideapark-page-header.default\">\n\t\t\t\t<div class=\"elementor-widget-container\">\n\t\t\t\t\t\t<header\n\t\tclass=\"l-section c-page-header c-page-header--header-type-4 c-page-header--default c-page-header--low\"\n\t\t>\n\n\t\t\t\t\t<div class=\"c-page-header__wrap\">\n\t\t\t\t\t\t\t\t\t<h1 class=\"c-page-header__title\">OUR TEAM<\/h1>\n\t\t\t\t\t\t\t<\/div>\n\t\t\t\t<nav aria-label=\"breadcrumbs\" class=\"rank-math-breadcrumb c-breadcrumbs\"><div class=\"c-breadcrumbs__list\"><span class=\"last\">Home<\/span><\/div><\/nav>\t<\/header>\n\t\t\t\t<\/div>\n\t\t\t\t<\/div>\n\t\t\t\t\t<\/div>\n\t\t<\/div>\n\t\t\t\t\t<\/div>\n\t\t<\/section>\n\t\t\t\t<section class=\"elementor-section elementor-top-section elementor-element elementor-element-98c71da elementor-section-boxed elementor-section-height-default elementor-section-height-default\" data-id=\"98c71da\" data-element_type=\"section\">\n\t\t\t\t\t\t<div class=\"elementor-container elementor-column-gap-no\">\n\t\t\t\t\t<div class=\"elementor-column elementor-col-100 elementor-top-column elementor-element elementor-element-b79b791\" data-id=\"b79b791\" data-element_type=\"column\">\n\t\t\t<div class=\"elementor-widget-wrap elementor-element-populated\">\n\t\t\t\t\t\t<div class=\"elementor-element elementor-element-5ca8aee elementor-widget elementor-widget-ideapark-team\" data-id=\"5ca8aee\" data-element_type=\"widget\" data-widget_type=\"ideapark-team.default\">\n\t\t\t\t<div class=\"elementor-widget-container\">\n\t\t\t\t\t\t\t<div class=\"c-ip-team c-ip-team--layout-1\">\n\t\t\t<div class=\"c-ip-team__wrap c-ip-team__wrap--layout-1\">\n\t\t\t\t<div\n\t\t\t\t\tclass=\"c-ip-team__list c-ip-team__list--layout-1 c-ip-team__list--grid\">\n\t\t\t\t\t\n\t\t\t\t\t\t\n\t\t\t\t\t\t<div class=\"c-ip-team__item c-ip-team__item--layout-1\">\n\t\t\t\t\t\t\t<div\n\t\t\t\t\t\t\t\tclass=\"c-ip-team__thumb-wrap c-ip-team__thumb-wrap--layout-1\">\n\t\t\t\t\t\t\t\t\t\t\t\t\t\t\t\t\t<img fetchpriority=\"high\" decoding=\"async\" class=\"c-ip-team__image\" width=\"700\" height=\"650\" src=\"https:\/\/www.lacoulisse.com.tr\/wp-content\/uploads\/2026\/01\/giray-team.webp\" srcset=\"https:\/\/www.lacoulisse.com.tr\/wp-content\/uploads\/2026\/01\/giray-team.webp 700w, https:\/\/www.lacoulisse.com.tr\/wp-content\/uploads\/2026\/01\/giray-team-460x427.webp 460w, https:\/\/www.lacoulisse.com.tr\/wp-content\/uploads\/2026\/01\/giray-team-156x145.webp 156w, https:\/\/www.lacoulisse.com.tr\/wp-content\/uploads\/2026\/01\/giray-team-312x290.webp 312w\" sizes=\"(max-width: 700px) 100vw, 700px\" alt=\"giray-team\"\/>\t\t\t\t\t\t\t\t\t\t\t\t\t\t\t\t<\/div>\n\n\t\t\t\t\t\t\t<div class=\"c-ip-team__content\">\n\t\t\t\t\t\t\t\t\t\t\t\t\t\t\t\t\t\t\t\t\t\t\t\t\t\t\t<div class=\"c-ip-team__name\">G\u0130RAY ONAT<\/div>\n\t\t\t\t\t\t\t\t\t\t\t\t\t\t\t\t\t\t\t\t\t\t\t\t\t\t\t\t\t\t\t\t\t\t\t\t\t\t\t\t\t\t\t\t\t<i class=\"ip-romb c-ip-team__separator\"><\/i>\n\t\t\t\t\t\t\t\t\t\t\t\t\t\t\t\t\t\t<div\n\t\t\t\t\t\t\t\t\t\tclass=\"c-ip-team__occupation\">FOUNDER<\/div>\n\t\t\t\t\t\t\t\t\t\t\t\t\t\t\t\t\t\t\t\t\t\t\t\t\t\t\t\t\t\t\t\t\t\t\t\t\t\t\t\t\t\t\t\t\t\t\t\t\t<div class=\"c-ip-team__bottom-row\">\n\t\t\t\t\t\t\t\t\t\t\t\t\t\t\t\t\t\t\t\t\t<div class=\"c-ip-team__bottom-col c-ip-team__bottom-row--phone\"><i class=\"ip-z-phone c-ip-team__bottom-icon c-ip-team__bottom-icon--phone\"><\/i><span class=\"c-ip-team__bottom-text\"><a href=\"tel:05011242526\">0501 124 25 26<\/a><\/span><\/div>\t\t\t\t\t\t\t\t\t\t\t\t\t\t\t\t\t\t\t\t\t\t\t\t\t\t\t\t\t\t\t<div\n\t\t\t\t\t\t\t\t\t\t\t\tclass=\"c-ip-team__bottom-col c-ip-team__bottom-row--email\"><i\n\t\t\t\t\t\t\t\t\t\t\t\t\tclass=\"ip-email c-ip-team__bottom-icon c-ip-team__bottom-icon--email\"><\/i><span\n\t\t\t\t\t\t\t\t\t\t\t\t\tclass=\"c-ip-team__bottom-text\"><a href=\"mailto:info@lacoulisse.com.tr\">info@lacoulisse.com.tr<\/a><\/span>\n\t\t\t\t\t\t\t\t\t\t\t<\/div>\n\t\t\t\t\t\t\t\t\t\t\t\t\t\t\t\t\t\t\t<\/div>\n\t\t\t\t\t\t\t\t\t\t\t\t\t\t\t<\/div>\n\n\t\t\t\t\t\t<\/div>\n\t\t\t\t\t\t\n\t\t\t\t\t\t\n\t\t\t\t\t\t<div class=\"c-ip-team__item c-ip-team__item--layout-1\">\n\t\t\t\t\t\t\t<div\n\t\t\t\t\t\t\t\tclass=\"c-ip-team__thumb-wrap c-ip-team__thumb-wrap--layout-1\">\n\t\t\t\t\t\t\t\t\t\t\t\t\t\t\t\t\t<img decoding=\"async\" class=\"c-ip-team__image\" width=\"700\" height=\"650\" src=\"https:\/\/www.lacoulisse.com.tr\/wp-content\/uploads\/2026\/01\/aylin-team.webp\" srcset=\"https:\/\/www.lacoulisse.com.tr\/wp-content\/uploads\/2026\/01\/aylin-team.webp 700w, https:\/\/www.lacoulisse.com.tr\/wp-content\/uploads\/2026\/01\/aylin-team-460x427.webp 460w, https:\/\/www.lacoulisse.com.tr\/wp-content\/uploads\/2026\/01\/aylin-team-156x145.webp 156w, https:\/\/www.lacoulisse.com.tr\/wp-content\/uploads\/2026\/01\/aylin-team-312x290.webp 312w\" sizes=\"(max-width: 700px) 100vw, 700px\" alt=\"aylin-team\"\/>\t\t\t\t\t\t\t\t\t\t\t\t\t\t\t\t<\/div>\n\n\t\t\t\t\t\t\t<div class=\"c-ip-team__content\">\n\t\t\t\t\t\t\t\t\t\t\t\t\t\t\t\t\t\t\t\t\t\t\t\t\t\t\t<div class=\"c-ip-team__name\">AYL\u0130N TELSEREN<\/div>\n\t\t\t\t\t\t\t\t\t\t\t\t\t\t\t\t\t\t\t\t\t\t\t\t\t\t\t\t\t\t\t\t\t\t\t\t\t\t\t\t\t\t\t\t\t<i class=\"ip-romb c-ip-team__separator\"><\/i>\n\t\t\t\t\t\t\t\t\t\t\t\t\t\t\t\t\t\t<div\n\t\t\t\t\t\t\t\t\t\tclass=\"c-ip-team__occupation\">SKIN CARE AND PERMANENT MAKEUP SPECIALIST<\/div>\n\t\t\t\t\t\t\t\t\t\t\t\t\t\t\t\t\t\t\t\t\t\t\t\t\t\t\t\t\t\t\t\t\t\t\t\t\t\t\t\t\t\t\t\t\t\t\t\t\t<div class=\"c-ip-team__bottom-row\">\n\t\t\t\t\t\t\t\t\t\t\t\t\t\t\t\t\t\t\t\t\t<div class=\"c-ip-team__bottom-col c-ip-team__bottom-row--phone\"><i class=\"ip-z-phone c-ip-team__bottom-icon c-ip-team__bottom-icon--phone\"><\/i><span class=\"c-ip-team__bottom-text\"><a href=\"tel:05011242526\">0501 124 25 26<\/a><\/span><\/div>\t\t\t\t\t\t\t\t\t\t\t\t\t\t\t\t\t\t\t\t\t\t\t\t\t\t\t\t\t\t\t<div\n\t\t\t\t\t\t\t\t\t\t\t\tclass=\"c-ip-team__bottom-col c-ip-team__bottom-row--email\"><i\n\t\t\t\t\t\t\t\t\t\t\t\t\tclass=\"ip-email c-ip-team__bottom-icon c-ip-team__bottom-icon--email\"><\/i><span\n\t\t\t\t\t\t\t\t\t\t\t\t\tclass=\"c-ip-team__bottom-text\"><a href=\"mailto:info@lacoulisse.com.tr\">info@lacoulisse.com.tr<\/a><\/span>\n\t\t\t\t\t\t\t\t\t\t\t<\/div>\n\t\t\t\t\t\t\t\t\t\t\t\t\t\t\t\t\t\t\t<\/div>\n\t\t\t\t\t\t\t\t\t\t\t\t\t\t\t<\/div>\n\n\t\t\t\t\t\t<\/div>\n\t\t\t\t\t\t\t\t\t\t<\/div>\n\t\t\t<\/div>\n\t\t<\/div>\n\t\t\t\t\t\t<\/div>\n\t\t\t\t<\/div>\n\t\t\t\t\t<\/div>\n\t\t<\/div>\n\t\t\t\t\t<\/div>\n\t\t<\/section>\n\t\t\t\t<\/div>","protected":false},"excerpt":{"rendered":"<p>EK\u0130B\u0130M\u0130Z Home G\u0130RAY ONAT KURUCU 0501 124 25 26 info@lacoulisse.com.tr AYL\u0130N TELSEREN C\u0130LT BAKIMI VE KALICI MAKYAJ UZMANI 0501 124 25 26&hellip;<\/p>","protected":false},"author":1,"featured_media":0,"parent":0,"menu_order":0,"comment_status":"closed","ping_status":"closed","template":"elementor_header_footer","meta":{"footnotes":""},"class_list":["post-152","page","type-page","status-publish","hentry"],"jetpack_sharing_enabled":true,"_links":{"self":[{"href":"https:\/\/www.lacoulisse.com.tr\/en\/wp-json\/wp\/v2\/pages\/152","targetHints":{"allow":["GET"]}}],"collection":[{"href":"https:\/\/www.lacoulisse.com.tr\/en\/wp-json\/wp\/v2\/pages"}],"about":[{"href":"https:\/\/www.lacoulisse.com.tr\/en\/wp-json\/wp\/v2\/types\/page"}],"author":[{"embeddable":true,"href":"https:\/\/www.lacoulisse.com.tr\/en\/wp-json\/wp\/v2\/users\/1"}],"replies":[{"embeddable":true,"href":"https:\/\/www.lacoulisse.com.tr\/en\/wp-json\/wp\/v2\/comments?post=152"}],"version-history":[{"count":16,"href":"https:\/\/www.lacoulisse.com.tr\/en\/wp-json\/wp\/v2\/pages\/152\/revisions"}],"predecessor-version":[{"id":5766,"href":"https:\/\/www.lacoulisse.com.tr\/en\/wp-json\/wp\/v2\/pages\/152\/revisions\/5766"}],"wp:attachment":[{"href":"https:\/\/www.lacoulisse.com.tr\/en\/wp-json\/wp\/v2\/media?parent=152"}],"curies":[{"name":"wp","href":"https:\/\/api.w.org\/{rel}","templated":true}]}}