{"id":179,"date":"2025-12-30T08:35:42","date_gmt":"2025-12-30T08:35:42","guid":{"rendered":"https:\/\/www.lacoulisse.com.tr\/?page_id=179"},"modified":"2026-01-25T14:14:13","modified_gmt":"2026-01-25T14:14:13","slug":"yardim","status":"publish","type":"page","link":"https:\/\/www.lacoulisse.com.tr\/en\/yardim\/","title":{"rendered":"HELP"},"content":{"rendered":"<div data-elementor-type=\"wp-page\" data-elementor-id=\"179\" class=\"elementor elementor-179\">\n\t\t\t\t\t\t<section class=\"elementor-section elementor-top-section elementor-element elementor-element-51cc69c elementor-section-full_width elementor-section-height-default elementor-section-height-default\" data-id=\"51cc69c\" data-element_type=\"section\">\n\t\t\t\t\t\t<div class=\"elementor-container elementor-column-gap-no\">\n\t\t\t\t\t<div class=\"elementor-column elementor-col-100 elementor-top-column elementor-element elementor-element-d3159a6\" data-id=\"d3159a6\" data-element_type=\"column\">\n\t\t\t<div class=\"elementor-widget-wrap elementor-element-populated\">\n\t\t\t\t\t\t<div class=\"elementor-element elementor-element-d04350a elementor-widget elementor-widget-ideapark-page-header\" data-id=\"d04350a\" data-element_type=\"widget\" data-widget_type=\"ideapark-page-header.default\">\n\t\t\t\t<div class=\"elementor-widget-container\">\n\t\t\t\t\t\t<header\n\t\tclass=\"l-section c-page-header c-page-header--header-type-4 c-page-header--default c-page-header--low\"\n\t\t>\n\n\t\t\t\t\t<div class=\"c-page-header__wrap\">\n\t\t\t\t\t\t\t\t\t<h1 class=\"c-page-header__title\">HELP<\/h1>\n\t\t\t\t\t\t\t<\/div>\n\t\t\t\t<nav aria-label=\"breadcrumbs\" class=\"rank-math-breadcrumb c-breadcrumbs\"><div class=\"c-breadcrumbs__list\"><span class=\"last\">Home<\/span><\/div><\/nav>\t<\/header>\n\t\t\t\t<\/div>\n\t\t\t\t<\/div>\n\t\t\t\t\t<\/div>\n\t\t<\/div>\n\t\t\t\t\t<\/div>\n\t\t<\/section>\n\t\t\t\t<section class=\"elementor-section elementor-top-section elementor-element elementor-element-1617f7b elementor-section-boxed elementor-section-height-default elementor-section-height-default\" data-id=\"1617f7b\" data-element_type=\"section\">\n\t\t\t\t\t\t<div class=\"elementor-container elementor-column-gap-no\">\n\t\t\t\t\t<div class=\"elementor-column elementor-col-100 elementor-top-column elementor-element elementor-element-bc288d3\" data-id=\"bc288d3\" data-element_type=\"column\">\n\t\t\t<div class=\"elementor-widget-wrap elementor-element-populated\">\n\t\t\t\t\t\t<div class=\"elementor-element elementor-element-450377d elementor-widget elementor-widget-ideapark-accordion\" data-id=\"450377d\" data-element_type=\"widget\" data-widget_type=\"ideapark-accordion.default\">\n\t\t\t\t<div class=\"elementor-widget-container\">\n\t\t\t\t\t\t\t<div class=\"c-ip-accordion\">\n\t\t\t<div class=\"c-ip-accordion__wrap c-ip-accordion__wrap--layout-1\">\n\t\t\t\t<div class=\"c-ip-accordion__list c-ip-accordion__list--layout-1\">\n\t\t\t\t\t\t\t\t\t\t<div class=\"c-ip-accordion__item c-ip-accordion__item--layout-1\">\n\t\t\t\t\t\t<a class=\"c-ip-accordion__header c-ip-accordion__header--layout-1 js-accordion-title\" href=\"\" onclick=\"return false;\">\u00d6deme Y\u00f6ntemleri<i class=\"ip-right c-ip-accordion__arrow c-ip-accordion__arrow--layout-1\"><\/i><\/a>\t\t\t\t\t\t<div class=\"c-ip-accordion__content c-ip-accordion__content--layout-1\"><div><div class=\"standard-markdown grid-cols-1 grid [&amp;_&gt;_*]:min-w-0 gap-3\"><p class=\"font-claude-response-body break-words whitespace-normal leading-[1.7]\">La Coulisse'de sundu\u011fumuz kal\u0131c\u0131 makyaj ve cilt bak\u0131m\u0131 hizmetlerinde, size en uygun \u00f6deme se\u00e7eneklerini sunmak i\u00e7in \u00e7e\u015fitli \u00f6deme y\u00f6ntemlerini kabul ediyoruz. T\u00fcm kredi kartlar\u0131 ve banka kartlar\u0131yla tek \u00e7ekim veya taksit se\u00e7eneklerinden faydalanabilirsiniz. Visa, Mastercard, American Express ve Troy kartlar\u0131n\u0131zla g\u00fcvenli bir \u015fekilde \u00f6deme yapabilirsiniz. Ayr\u0131ca nakit \u00f6deme ve banka havalesi se\u00e7eneklerimiz de mevcuttur. Microblading, dipliner, Hydra Facial ve di\u011fer hizmetlerimiz i\u00e7in \u00f6deme planlar\u0131 hakk\u0131nda detayl\u0131 bilgi almak ve size \u00f6zel taksit se\u00e7eneklerini de\u011ferlendirmek i\u00e7in randevu s\u0131ras\u0131nda dan\u0131\u015fmanlar\u0131m\u0131zla g\u00f6r\u00fc\u015febilirsiniz. 15 y\u0131ld\u0131r Etiler ve Be\u015fikta\u015f'ta hizmet veren La Coulisse olarak, \u00f6deme s\u00fcrecinizi kolayla\u015ft\u0131rmak ve esnek \u00e7\u00f6z\u00fcmler sunmak \u00f6nceli\u011fimizdir.<\/p><\/div><\/div><div><div class=\"standard-markdown grid-cols-1 grid [&amp;_&gt;_*]:min-w-0 gap-3\">\u00a0<\/div><\/div><\/div>\t\t\t\t\t<\/div>\n\t\t\t\t\t\t\t\t\t\t\t\t\t\t\t<div class=\"c-ip-accordion__item c-ip-accordion__item--layout-1\">\n\t\t\t\t\t\t<a class=\"c-ip-accordion__header c-ip-accordion__header--layout-1 js-accordion-title\" href=\"\" onclick=\"return false;\">Kargo ve Teslimat Politikas\u0131<i class=\"ip-right c-ip-accordion__arrow c-ip-accordion__arrow--layout-1\"><\/i><\/a>\t\t\t\t\t\t<div class=\"c-ip-accordion__content c-ip-accordion__content--layout-1\"><p>La Coulisse olarak, sat\u0131n ald\u0131\u011f\u0131n\u0131z t\u00fcm \u00fcr\u00fcnlerin g\u00fcvenli ve h\u0131zl\u0131 bir \u015fekilde elinize ula\u015fmas\u0131 i\u00e7in \u00f6zenle \u00e7al\u0131\u015f\u0131yoruz.<\/p><\/div>\t\t\t\t\t<\/div>\n\t\t\t\t\t\t\t\t\t\t\t\t\t\t\t<div class=\"c-ip-accordion__item c-ip-accordion__item--layout-1\">\n\t\t\t\t\t\t<a class=\"c-ip-accordion__header c-ip-accordion__header--layout-1 js-accordion-title\" href=\"\" onclick=\"return false;\">\u0130ade Ko\u015fullar\u0131 ve S\u00fcreci<i class=\"ip-right c-ip-accordion__arrow c-ip-accordion__arrow--layout-1\"><\/i><\/a>\t\t\t\t\t\t<div class=\"c-ip-accordion__content c-ip-accordion__content--layout-1\"><p><br \/>La Coulisse'den sat\u0131n ald\u0131\u011f\u0131n\u0131z \u00fcr\u00fcnleri, belirtilen ko\u015fullar dahilinde iade edebilirsiniz.<\/p><p>\u0130ADE S\u00dcRES\u0130:<br \/>\u00dcr\u00fcn\u00fcn\u00fcz\u00fc teslim ald\u0131\u011f\u0131n\u0131z tarihten itibaren 14 g\u00fcn i\u00e7inde iade edebilirsiniz. \u0130ade s\u00fcresi, \u00fcr\u00fcn\u00fcn elinize ula\u015ft\u0131\u011f\u0131 tarihten itibaren <br \/>ba\u015flar.<\/p><p>\u0130ADE ED\u0130LEB\u0130LECEK \u00dcR\u00dcNLER:<br \/>- Ambalaj\u0131 a\u00e7\u0131lmam\u0131\u015f ve kullan\u0131lmam\u0131\u015f \u00fcr\u00fcnler<br \/>- Orijinal faturas\u0131 ile birlikte olan \u00fcr\u00fcnler<br \/>- Kutusunda, etiketlerinde veya ambalaj\u0131nda hasar olmayan \u00fcr\u00fcnler<\/p><\/div>\t\t\t\t\t<\/div>\n\t\t\t\t\t\t\t\t\t\t\t\t\t\t\t<div class=\"c-ip-accordion__item c-ip-accordion__item--layout-1\">\n\t\t\t\t\t\t<a class=\"c-ip-accordion__header c-ip-accordion__header--layout-1 js-accordion-title\" href=\"\" onclick=\"return false;\">Geri \u00d6deme Politikas\u0131<i class=\"ip-right c-ip-accordion__arrow c-ip-accordion__arrow--layout-1\"><\/i><\/a>\t\t\t\t\t\t<div class=\"c-ip-accordion__content c-ip-accordion__content--layout-1\"><p>La Coulisse, iade edilen \u00fcr\u00fcnlerin geri \u00f6demesini h\u0131zl\u0131 ve g\u00fcvenli bir \u015fekilde ger\u00e7ekle\u015ftirir.<\/p><p>GER\u0130 \u00d6DEME S\u00dcRES\u0130:<br \/>\u0130ade etti\u011finiz \u00fcr\u00fcn taraf\u0131m\u0131za ula\u015ft\u0131ktan ve inceleme tamamland\u0131ktan sonra, 5-7 i\u015f g\u00fcn\u00fc i\u00e7inde geri \u00f6demeniz yap\u0131l\u0131r. Banka i\u015flem s\u00fcre\u00e7lerine ba\u011fl\u0131 olarak paran\u0131n hesab\u0131n\u0131za yans\u0131mas\u0131 2-3 i\u015f g\u00fcn\u00fc daha alabilir.<\/p><\/div>\t\t\t\t\t<\/div>\n\t\t\t\t\t\t\t\t\t\t\t\t\t\t<\/div>\n\t\t\t<\/div>\n\t\t<\/div>\n\t\t\t\t\t\t<\/div>\n\t\t\t\t<\/div>\n\t\t\t\t\t<\/div>\n\t\t<\/div>\n\t\t\t\t\t<\/div>\n\t\t<\/section>\n\t\t\t\t<\/div>","protected":false},"excerpt":{"rendered":"<p>YARDIM Home \u00d6deme Y\u00f6ntemleri La Coulisse&#8217;de sundu\u011fumuz kal\u0131c\u0131 makyaj ve cilt bak\u0131m\u0131 hizmetlerinde, size en uygun \u00f6deme se\u00e7eneklerini sunmak i\u00e7in \u00e7e\u015fitli \u00f6deme&hellip;<\/p>","protected":false},"author":1,"featured_media":0,"parent":0,"menu_order":0,"comment_status":"closed","ping_status":"closed","template":"elementor_header_footer","meta":{"footnotes":""},"class_list":["post-179","page","type-page","status-publish","hentry"],"jetpack_sharing_enabled":true,"_links":{"self":[{"href":"https:\/\/www.lacoulisse.com.tr\/en\/wp-json\/wp\/v2\/pages\/179","targetHints":{"allow":["GET"]}}],"collection":[{"href":"https:\/\/www.lacoulisse.com.tr\/en\/wp-json\/wp\/v2\/pages"}],"about":[{"href":"https:\/\/www.lacoulisse.com.tr\/en\/wp-json\/wp\/v2\/types\/page"}],"author":[{"embeddable":true,"href":"https:\/\/www.lacoulisse.com.tr\/en\/wp-json\/wp\/v2\/users\/1"}],"replies":[{"embeddable":true,"href":"https:\/\/www.lacoulisse.com.tr\/en\/wp-json\/wp\/v2\/comments?post=179"}],"version-history":[{"count":4,"href":"https:\/\/www.lacoulisse.com.tr\/en\/wp-json\/wp\/v2\/pages\/179\/revisions"}],"predecessor-version":[{"id":4838,"href":"https:\/\/www.lacoulisse.com.tr\/en\/wp-json\/wp\/v2\/pages\/179\/revisions\/4838"}],"wp:attachment":[{"href":"https:\/\/www.lacoulisse.com.tr\/en\/wp-json\/wp\/v2\/media?parent=179"}],"curies":[{"name":"wp","href":"https:\/\/api.w.org\/{rel}","templated":true}]}}