{"id":4363,"date":"2026-01-17T23:11:41","date_gmt":"2026-01-17T23:11:41","guid":{"rendered":"https:\/\/www.lacoulisse.com.tr\/?page_id=4363"},"modified":"2026-02-19T21:34:15","modified_gmt":"2026-02-19T21:34:15","slug":"microblading","status":"publish","type":"page","link":"https:\/\/www.lacoulisse.com.tr\/en\/hizmetlerimiz\/microblading\/","title":{"rendered":"MICROBLADING"},"content":{"rendered":"<div data-elementor-type=\"wp-page\" data-elementor-id=\"4363\" class=\"elementor elementor-4363\">\n\t\t\t\t\t\t<section class=\"elementor-section elementor-top-section elementor-element elementor-element-ae248c4 elementor-section-full_width elementor-section-height-default elementor-section-height-default\" data-id=\"ae248c4\" data-element_type=\"section\" data-settings=\"{&quot;background_background&quot;:&quot;classic&quot;}\">\n\t\t\t\t\t\t<div class=\"elementor-container elementor-column-gap-no\">\n\t\t\t\t\t<div class=\"elementor-column elementor-col-100 elementor-top-column elementor-element elementor-element-6b92c4e\" data-id=\"6b92c4e\" data-element_type=\"column\" data-settings=\"{&quot;background_background&quot;:&quot;classic&quot;}\">\n\t\t\t<div class=\"elementor-widget-wrap elementor-element-populated\">\n\t\t\t\t\t\t<div class=\"elementor-element elementor-element-b369bce elementor-widget elementor-widget-ideapark-page-header\" data-id=\"b369bce\" data-element_type=\"widget\" data-widget_type=\"ideapark-page-header.default\">\n\t\t\t\t<div class=\"elementor-widget-container\">\n\t\t\t\t\t\t<header\n\t\tclass=\"l-section c-page-header c-page-header--header-type-4 c-page-header--default c-page-header--low\"\n\t\t>\n\n\t\t\t\t\t<div class=\"c-page-header__wrap\">\n\t\t\t\t\t\t\t\t\t<h1 class=\"c-page-header__title\">MICROBLADING<\/h1>\n\t\t\t\t\t\t\t<\/div>\n\t\t\t\t<nav aria-label=\"breadcrumbs\" class=\"rank-math-breadcrumb c-breadcrumbs\"><div class=\"c-breadcrumbs__list\"><span class=\"last\">Home<\/span><\/div><\/nav>\t<\/header>\n\t\t\t\t<\/div>\n\t\t\t\t<\/div>\n\t\t\t\t\t<\/div>\n\t\t<\/div>\n\t\t\t\t\t<\/div>\n\t\t<\/section>\n\t\t\t\t<section class=\"elementor-section elementor-top-section elementor-element elementor-element-bad1c37 elementor-section-boxed elementor-section-height-default elementor-section-height-default\" data-id=\"bad1c37\" data-element_type=\"section\">\n\t\t\t\t\t\t<div class=\"elementor-container elementor-column-gap-no\">\n\t\t\t\t\t<div class=\"elementor-column elementor-col-50 elementor-top-column elementor-element elementor-element-e93aae9\" data-id=\"e93aae9\" data-element_type=\"column\" data-settings=\"{&quot;background_background&quot;:&quot;classic&quot;}\">\n\t\t\t<div class=\"elementor-widget-wrap elementor-element-populated\">\n\t\t\t\t\t\t<div class=\"elementor-element elementor-element-07a565b elementor-widget__width-initial elementor-absolute elementor-widget elementor-widget-ideapark-circle-text\" data-id=\"07a565b\" data-element_type=\"widget\" data-settings=\"{&quot;_position&quot;:&quot;absolute&quot;}\" data-widget_type=\"ideapark-circle-text.default\">\n\t\t\t\t<div class=\"elementor-widget-container\">\n\t\t\t\t\t<div class=\"c-ip-circle-text\">\n<svg viewbox=\"0 0 130 130\" width=\"130\" height=\"130\" class=\"c-ip-circle-text__svg\">\n  <defs>\n    <path id=\"circle-07a565b\"\n      d=\"        M 65, 65        m -55.65, 0        a 55.65,55.65 0 1,1 111.3,0        a 55.65,55.65 0 1,1 -111.3,0\"\/>\n  <\/defs>\n  <text font-size=\"11\" class=\"c-ip-circle-text__title\">\n    <textpath xlink:href=\"#circle-07a565b\">\n\t     LA COULISSE BY G\u0130RAY ONAT - MICROBLADING\n    <\/textpath>\n  <\/text>\n<\/svg>\n<\/div>\t\t\t\t<\/div>\n\t\t\t\t<\/div>\n\t\t\t\t<div class=\"elementor-element elementor-element-912b050 elementor-widget elementor-widget-image\" data-id=\"912b050\" data-element_type=\"widget\" data-widget_type=\"image.default\">\n\t\t\t\t\t\t\t\t\t\t\t\t\t\t\t<img fetchpriority=\"high\" decoding=\"async\" width=\"520\" height=\"460\" src=\"https:\/\/www.lacoulisse.com.tr\/wp-content\/uploads\/2026\/02\/lacoulisse-microblading-5-520x460.webp\" class=\"attachment-ideapark-thumbnail-image-width-2x size-ideapark-thumbnail-image-width-2x wp-image-5258\" alt=\"microblading kal\u0131c\u0131 ka\u015f la coulisse\" srcset=\"https:\/\/www.lacoulisse.com.tr\/wp-content\/uploads\/2026\/02\/lacoulisse-microblading-5-520x460.webp 520w, https:\/\/www.lacoulisse.com.tr\/wp-content\/uploads\/2026\/02\/lacoulisse-microblading-5-260x230.webp 260w\" sizes=\"(max-width: 520px) 100vw, 520px\" \/>\t\t\t\t\t\t\t\t\t\t\t\t\t\t\t<\/div>\n\t\t\t\t<div class=\"elementor-element elementor-element-dfa2ff9 elementor-widget elementor-widget-image\" data-id=\"dfa2ff9\" data-element_type=\"widget\" data-widget_type=\"image.default\">\n\t\t\t\t\t\t\t\t\t\t\t\t\t\t\t<img decoding=\"async\" width=\"520\" height=\"460\" src=\"https:\/\/www.lacoulisse.com.tr\/wp-content\/uploads\/2026\/02\/lacoulisse-microblading-3-520x460.webp\" class=\"attachment-ideapark-thumbnail-image-width-2x size-ideapark-thumbnail-image-width-2x wp-image-5256\" alt=\"\" srcset=\"https:\/\/www.lacoulisse.com.tr\/wp-content\/uploads\/2026\/02\/lacoulisse-microblading-3-520x460.webp 520w, https:\/\/www.lacoulisse.com.tr\/wp-content\/uploads\/2026\/02\/lacoulisse-microblading-3-260x230.webp 260w\" sizes=\"(max-width: 520px) 100vw, 520px\" \/>\t\t\t\t\t\t\t\t\t\t\t\t\t\t\t<\/div>\n\t\t\t\t\t<\/div>\n\t\t<\/div>\n\t\t\t\t<div class=\"elementor-column elementor-col-50 elementor-top-column elementor-element elementor-element-c3a1bbe\" data-id=\"c3a1bbe\" data-element_type=\"column\" data-settings=\"{&quot;background_background&quot;:&quot;classic&quot;}\">\n\t\t\t<div class=\"elementor-widget-wrap elementor-element-populated\">\n\t\t\t\t\t\t<div class=\"elementor-element elementor-element-051db8c elementor-widget elementor-widget-ideapark-heading\" data-id=\"051db8c\" data-element_type=\"widget\" data-widget_type=\"ideapark-heading.default\">\n\t\t\t\t<div class=\"elementor-widget-container\">\n\t\t\t\t\t<div class=\"c-ip-heading c-ip-heading--small c-ip-heading--center c-ip-heading--bullet-hide\"><span class=\"c-ip-heading__inner\">MICROBLADING<\/span><\/div>\t\t\t\t<\/div>\n\t\t\t\t<\/div>\n\t\t\t\t<div class=\"elementor-element elementor-element-9787826 elementor-widget elementor-widget-ideapark-heading\" data-id=\"9787826\" data-element_type=\"widget\" data-widget_type=\"ideapark-heading.default\">\n\t\t\t\t<div class=\"elementor-widget-container\">\n\t\t\t\t\t<div class=\"c-ip-heading c-ip-heading--default c-ip-heading--left c-ip-heading--bullet-hide c-ip-heading--block-align-center\"><span class=\"c-ip-heading__inner\">Microblading is the most realistic and natural-looking permanent makeup technique that gives sparse, patchy, or misshapen eyebrows a natural and voluminous appearance by drawing each hair individually. At La Coulisse, our center serving Etiler and Be\u015fikta\u015f, we determine the eyebrow shape that perfectly suits your face using golden ratio measurements. We then create realistic results that look like your natural eyebrows by drawing each hair individually using the manual blade technique, offering you perfect eyebrows that last 12-18 months. With 20 years of experience and internationally certified microblading experts, we don't just draw eyebrows; we perform a detailed analysis of your facial anatomy, bone structure, eyebrow hair direction, and skin tone to create a custom eyebrow design for you, planning the thickness, length, and angle of each hair according to your natural eyebrow structure. It's not just about drawing lines; it's about designing each hair individually, determining its direction and density to match your natural eyebrow hairs, selecting organic pigments that perfectly match your skin tone, and applying them with artistic technique. That's what real microblading is all about.<br \/>\n<br \/>\nOur professional manual microblading blades, dermatologically approved organic pigments, and precise handiwork create hair strokes on the top layer of your skin (epidermis) with sensitivity, achieving results so realistic they are indistinguishable from natural eyebrow hairs. We carefully determine the depth, angle, and direction of each hair to create a three-dimensional, natural eyebrow look. From the initial consultation to the golden ratio measurement, from the drawing to the post-application care, painless procedures and hygienic conditions are our priority. With our single-use sterile blades, medical-grade pigments, personalized design protocol, and hygienic working environment, we offer a microblading experience that meets Etiler standards. At La Coulisse, microblading is not just a cosmetic procedure; it is a reflection of the valuable work of art you do for yourself, allowing you to wake up every morning to perfect brows, look natural and beautiful without using a brow pencil, and regain your confidence.<\/span><\/div>\t\t\t\t<\/div>\n\t\t\t\t<\/div>\n\t\t\t\t\t<\/div>\n\t\t<\/div>\n\t\t\t\t\t<\/div>\n\t\t<\/section>\n\t\t\t\t<section class=\"elementor-section elementor-top-section elementor-element elementor-element-e6a3da7 elementor-section-full_width elementor-section-height-default elementor-section-height-default\" data-id=\"e6a3da7\" data-element_type=\"section\" data-settings=\"{&quot;background_background&quot;:&quot;classic&quot;}\">\n\t\t\t\t\t\t<div class=\"elementor-container elementor-column-gap-no\">\n\t\t\t\t\t<div class=\"elementor-column elementor-col-100 elementor-top-column elementor-element elementor-element-4e2ba72\" data-id=\"4e2ba72\" data-element_type=\"column\" data-settings=\"{&quot;animation&quot;:&quot;none&quot;,&quot;background_background&quot;:&quot;classic&quot;}\">\n\t\t\t<div class=\"elementor-widget-wrap elementor-element-populated\">\n\t\t\t\t\t\t<div class=\"elementor-element elementor-element-fd96767 elementor-widget elementor-widget-ideapark-heading\" data-id=\"fd96767\" data-element_type=\"widget\" data-widget_type=\"ideapark-heading.default\">\n\t\t\t\t<div class=\"elementor-widget-container\">\n\t\t\t\t\t<div class=\"c-ip-heading c-ip-heading--small c-ip-heading--center c-ip-heading--bullet-hide\"><span class=\"c-ip-heading__inner\">OUR CERTIFICATES<\/span><\/div>\t\t\t\t<\/div>\n\t\t\t\t<\/div>\n\t\t\t\t<div class=\"elementor-element elementor-element-40dba86 elementor-widget__width-inherit animated-slow elementor-invisible elementor-widget elementor-widget-ideapark-team\" data-id=\"40dba86\" data-element_type=\"widget\" data-settings=\"{&quot;_animation&quot;:&quot;fadeInLeft&quot;,&quot;_animation_delay&quot;:500}\" data-widget_type=\"ideapark-team.default\">\n\t\t\t\t<div class=\"elementor-widget-container\">\n\t\t\t\t\t\t\t<div class=\"c-ip-team c-ip-team--layout-1\">\n\t\t\t<div class=\"c-ip-team__wrap c-ip-team__wrap--layout-1\">\n\t\t\t\t<div\n\t\t\t\t\tclass=\"c-ip-team__list c-ip-team__list--layout-1 c-ip-team__list--grid\">\n\t\t\t\t\t\n\t\t\t\t\t\t\n\t\t\t\t\t\t<div class=\"c-ip-team__item c-ip-team__item--layout-1\">\n\t\t\t\t\t\t\t<div\n\t\t\t\t\t\t\t\tclass=\"c-ip-team__thumb-wrap c-ip-team__thumb-wrap--layout-1\">\n\t\t\t\t\t\t\t\t\t\t\t\t\t\t\t\t\t<img decoding=\"async\" class=\"c-ip-team__image\" width=\"760\" height=\"524\" src=\"https:\/\/www.lacoulisse.com.tr\/wp-content\/uploads\/2026\/02\/lacoulisse-brows-12-760x524.webp\" srcset=\"https:\/\/www.lacoulisse.com.tr\/wp-content\/uploads\/2026\/02\/lacoulisse-brows-12-760x524.webp 760w, https:\/\/www.lacoulisse.com.tr\/wp-content\/uploads\/2026\/02\/lacoulisse-brows-12-460x317.webp 460w, https:\/\/www.lacoulisse.com.tr\/wp-content\/uploads\/2026\/02\/lacoulisse-brows-12-18x12.webp 18w, https:\/\/www.lacoulisse.com.tr\/wp-content\/uploads\/2026\/02\/lacoulisse-brows-12-920x634.webp 920w, https:\/\/www.lacoulisse.com.tr\/wp-content\/uploads\/2026\/02\/lacoulisse-brows-12-210x145.webp 210w, https:\/\/www.lacoulisse.com.tr\/wp-content\/uploads\/2026\/02\/lacoulisse-brows-12-421x290.webp 421w, https:\/\/www.lacoulisse.com.tr\/wp-content\/uploads\/2026\/02\/lacoulisse-brows-12.webp 1170w\" sizes=\"(max-width: 760px) 100vw, 760px\" alt=\"lacoulisse-brows-12\"\/>\t\t\t\t\t\t\t\t\t\t\t\t\t\t\t\t<\/div>\n\n\t\t\t\t\t\t\t<div class=\"c-ip-team__content\">\n\t\t\t\t\t\t\t\t\t\t\t\t\t\t\t\t\t\t\t\t\t\t\t\t\t\t\t<div class=\"c-ip-team__name\">PHIBROWS ARTIST<\/div>\n\t\t\t\t\t\t\t\t\t\t\t\t\t\t\t\t\t\t\t\t\t\t\t\t\t\t\t\t\t\t\t\t\t\t\t\t\t\t\t\t\t\t\t\t\t<i class=\"ip-romb c-ip-team__separator\"><\/i>\n\t\t\t\t\t\t\t\t\t\t\t\t\t\t\t\t\t\t<div\n\t\t\t\t\t\t\t\t\t\tclass=\"c-ip-team__occupation\">LA COULISSE<\/div>\n\t\t\t\t\t\t\t\t\t\t\t\t\t\t\t\t\t\t\t\t\t\t\t\t\t\t\t\t\t\t\t\t\t\t\t\t\t\t\t\t\t\t\t\t\t\t\t<\/div>\n\n\t\t\t\t\t\t<\/div>\n\t\t\t\t\t\t\n\t\t\t\t\t\t\n\t\t\t\t\t\t<div class=\"c-ip-team__item c-ip-team__item--layout-1\">\n\t\t\t\t\t\t\t<div\n\t\t\t\t\t\t\t\tclass=\"c-ip-team__thumb-wrap c-ip-team__thumb-wrap--layout-1\">\n\t\t\t\t\t\t\t\t\t\t\t\t\t\t\t\t\t<img loading=\"lazy\" decoding=\"async\" class=\"c-ip-team__image\" width=\"760\" height=\"570\" src=\"https:\/\/www.lacoulisse.com.tr\/wp-content\/uploads\/2026\/02\/lacoulisse-yumilashes-12-760x570.webp\" srcset=\"https:\/\/www.lacoulisse.com.tr\/wp-content\/uploads\/2026\/02\/lacoulisse-yumilashes-12-760x570.webp 760w, https:\/\/www.lacoulisse.com.tr\/wp-content\/uploads\/2026\/02\/lacoulisse-yumilashes-12-460x345.webp 460w, https:\/\/www.lacoulisse.com.tr\/wp-content\/uploads\/2026\/02\/lacoulisse-yumilashes-12-1520x1140.webp 1520w, https:\/\/www.lacoulisse.com.tr\/wp-content\/uploads\/2026\/02\/lacoulisse-yumilashes-12-16x12.webp 16w, https:\/\/www.lacoulisse.com.tr\/wp-content\/uploads\/2026\/02\/lacoulisse-yumilashes-12-920x690.webp 920w, https:\/\/www.lacoulisse.com.tr\/wp-content\/uploads\/2026\/02\/lacoulisse-yumilashes-12-193x145.webp 193w, https:\/\/www.lacoulisse.com.tr\/wp-content\/uploads\/2026\/02\/lacoulisse-yumilashes-12-387x290.webp 387w, https:\/\/www.lacoulisse.com.tr\/wp-content\/uploads\/2026\/02\/lacoulisse-yumilashes-12-1320x990.webp 1320w\" sizes=\"(max-width: 760px) 100vw, 760px\" alt=\"lacoulisse-yumilashes-12\"\/>\t\t\t\t\t\t\t\t\t\t\t\t\t\t\t\t<\/div>\n\n\t\t\t\t\t\t\t<div class=\"c-ip-team__content\">\n\t\t\t\t\t\t\t\t\t\t\t\t\t\t\t\t\t\t\t\t\t\t\t\t\t\t\t<div class=\"c-ip-team__name\">PHIBROWS<\/div>\n\t\t\t\t\t\t\t\t\t\t\t\t\t\t\t\t\t\t\t\t\t\t\t\t\t\t\t\t\t\t\t\t\t\t\t\t\t\t\t\t\t\t\t\t\t<i class=\"ip-romb c-ip-team__separator\"><\/i>\n\t\t\t\t\t\t\t\t\t\t\t\t\t\t\t\t\t\t<div\n\t\t\t\t\t\t\t\t\t\tclass=\"c-ip-team__occupation\">LA COULISSE<\/div>\n\t\t\t\t\t\t\t\t\t\t\t\t\t\t\t\t\t\t\t\t\t\t\t\t\t\t\t\t\t\t\t\t\t\t\t\t\t\t\t\t\t\t\t\t\t\t\t<\/div>\n\n\t\t\t\t\t\t<\/div>\n\t\t\t\t\t\t\t\t\t\t<\/div>\n\t\t\t<\/div>\n\t\t<\/div>\n\t\t\t\t\t\t<\/div>\n\t\t\t\t<\/div>\n\t\t\t\t\t<\/div>\n\t\t<\/div>\n\t\t\t\t\t<\/div>\n\t\t<\/section>\n\t\t\t\t<section class=\"elementor-section elementor-top-section elementor-element elementor-element-542f32c elementor-section-full_width elementor-section-height-default elementor-section-height-default\" data-id=\"542f32c\" data-element_type=\"section\" data-settings=\"{&quot;background_background&quot;:&quot;classic&quot;}\">\n\t\t\t\t\t\t<div class=\"elementor-container elementor-column-gap-no\">\n\t\t\t\t\t<div class=\"elementor-column elementor-col-100 elementor-top-column elementor-element elementor-element-de2cdd8\" data-id=\"de2cdd8\" data-element_type=\"column\">\n\t\t\t<div class=\"elementor-widget-wrap elementor-element-populated\">\n\t\t\t\t\t\t<div class=\"elementor-element elementor-element-5a826ba elementor-widget elementor-widget-ideapark-icon-list-1\" data-id=\"5a826ba\" data-element_type=\"widget\" data-widget_type=\"ideapark-icon-list-1.default\">\n\t\t\t\t<div class=\"elementor-widget-container\">\n\t\t\t\t\t\t\t<div class=\"c-ip-icon-list-1\">\n\t\t\t<ul class=\"c-ip-icon-list-1__list\">\n\t\t\t\t\t\t\t\t\t\t\t\t\t\t<li class=\"c-ip-icon-list-1__item\">\n\t\t\t\t\t\t\t\t\t\t\t\t\t<i aria-hidden=\"true\" class=\"c-ip-icon-list-1__icon fibd21- fi-bd21-natural\"><\/i>\t\t\t\t\t\t\t\t\t\t\t\t\t\t\t\t\t\t\t<div class=\"c-ip-icon-list-1__title\">NATURALNESS<\/div>\n\t\t\t\t\t\t\t<i class=\"ip-romb c-ip-icon-list-1__romb\"><\/i>\n\t\t\t\t\t\t\t\t\t\t\t\t\t\t\t\t\t\t\t<div class=\"c-ip-icon-list-1__description\">Beauty begins with naturalness. All the products we use at La Coulisse are carefully selected to reveal your natural radiance without harming your skin. Instead of chemical-laden formulas, we prefer premium products with natural ingredients.<\/div>\n\t\t\t\t\t\t\n\t\t\t\t\t\t\t\t\t\t\t\t\t\t\t\t\t<\/li>\n\t\t\t\t\t\t\t\t\t\t\t\t\t\t<li class=\"c-ip-icon-list-1__item\">\n\t\t\t\t\t\t\t\t\t\t\t\t\t<i aria-hidden=\"true\" class=\"c-ip-icon-list-1__icon fibd21- fi-bd21-crown\"><\/i>\t\t\t\t\t\t\t\t\t\t\t\t\t\t\t\t\t\t\t<div class=\"c-ip-icon-list-1__title\">HIGH QUALITY<\/div>\n\t\t\t\t\t\t\t<i class=\"ip-romb c-ip-icon-list-1__romb\"><\/i>\n\t\t\t\t\t\t\t\t\t\t\t\t\t\t\t\t\t\t\t<div class=\"c-ip-icon-list-1__description\">Quality is never an accident. Every product we use at La Coulisse, every technique we apply, and every service we offer is meticulously selected to meet the highest standards. We deliver excellence to you with reliable products from premium brands, crafted by expert hands.<\/div>\n\t\t\t\t\t\t\n\t\t\t\t\t\t\t\t\t\t\t\t\t\t\t\t\t<\/li>\n\t\t\t\t\t\t\t\t\t\t\t\t\t\t<li class=\"c-ip-icon-list-1__item\">\n\t\t\t\t\t\t\t\t\t\t\t\t\t<svg aria-hidden=\"true\" class=\"c-ip-icon-list-1__icon e-font-icon-svg e-far-star\" viewbox=\"0 0 576 512\" xmlns=\"http:\/\/www.w3.org\/2000\/svg\"><path d=\"M528.1 171.5L382 150.2 316.7 17.8c-11.7-23.6-45.6-23.9-57.4 0L194 150.2 47.9 171.5c-26.2 3.8-36.7 36.1-17.7 54.6l105.7 103-25 145.5c-4.5 26.3 23.2 46 46.4 33.7L288 439.6l130.7 68.7c23.2 12.2 50.9-7.4 46.4-33.7l-25-145.5 105.7-103c19-18.5 8.5-50.8-17.7-54.6zM388.6 312.3l23.7 138.4L288 385.4l-124.3 65.3 23.7-138.4-100.6-98 139-20.2 62.2-126 62.2 126 139 20.2-100.6 98z\"><\/path><\/svg>\t\t\t\t\t\t\t\t\t\t\t\t\t\t\t\t\t\t\t<div class=\"c-ip-icon-list-1__title\"> PROFESSIONAL CARE<\/div>\n\t\t\t\t\t\t\t<i class=\"ip-romb c-ip-icon-list-1__romb\"><\/i>\n\t\t\t\t\t\t\t\t\t\t\t\t\t\t\t\t\t\t\t<div class=\"c-ip-icon-list-1__description\">Eyebrow design and skin care are specialized arts. Our team, equipped with years of training, certifications, and experience, provides professional and safe services to each of our customers. At La Coulisse, every procedure is performed by expert hands.<\/div>\n\t\t\t\t\t\t\n\t\t\t\t\t\t\t\t\t\t\t\t\t\t\t\t\t<\/li>\n\t\t\t\t\t\t\t<\/ul>\n\t\t<\/div>\n\t\t\t\t\t\t<\/div>\n\t\t\t\t<\/div>\n\t\t\t\t\t<\/div>\n\t\t<\/div>\n\t\t\t\t\t<\/div>\n\t\t<\/section>\n\t\t\t\t<section class=\"elementor-section elementor-top-section elementor-element elementor-element-42d79fc elementor-section-boxed elementor-section-height-default elementor-section-height-default\" data-id=\"42d79fc\" data-element_type=\"section\">\n\t\t\t\t\t\t<div class=\"elementor-container elementor-column-gap-no\">\n\t\t\t\t\t<div class=\"elementor-column elementor-col-33 elementor-top-column elementor-element elementor-element-dd44225\" data-id=\"dd44225\" data-element_type=\"column\">\n\t\t\t<div class=\"elementor-widget-wrap elementor-element-populated\">\n\t\t\t\t\t\t<div class=\"elementor-element elementor-element-99f31c0 elementor-view-default elementor-position-block-start elementor-mobile-position-block-start elementor-widget elementor-widget-icon-box\" data-id=\"99f31c0\" data-element_type=\"widget\" data-widget_type=\"icon-box.default\">\n\t\t\t\t\t\t\t<div class=\"elementor-icon-box-wrapper\">\n\n\t\t\t\t\t\t<div class=\"elementor-icon-box-icon\">\n\t\t\t\t<span  class=\"elementor-icon\">\n\t\t\t\t<i aria-hidden=\"true\" class=\"fibd21- fi-bd21-phone\"><\/i>\t\t\t\t<\/span>\n\t\t\t<\/div>\n\t\t\t\n\t\t\t\t\t\t<div class=\"elementor-icon-box-content\">\n\n\t\t\t\t\n\t\t\t\t\t\t\t\t\t<p class=\"elementor-icon-box-description\">\n\t\t\t\t\t\t0501 124 25 26<br>\ninfo@lacoulisse.com.tr\t\t\t\t\t<\/p>\n\t\t\t\t\n\t\t\t<\/div>\n\t\t\t\n\t\t<\/div>\n\t\t\t\t\t\t<\/div>\n\t\t\t\t\t<\/div>\n\t\t<\/div>\n\t\t\t\t<div class=\"elementor-column elementor-col-33 elementor-top-column elementor-element elementor-element-f421796\" data-id=\"f421796\" data-element_type=\"column\">\n\t\t\t<div class=\"elementor-widget-wrap elementor-element-populated\">\n\t\t\t\t\t\t<div class=\"elementor-element elementor-element-8eb7d9c elementor-view-default elementor-position-block-start elementor-mobile-position-block-start elementor-widget elementor-widget-icon-box\" data-id=\"8eb7d9c\" data-element_type=\"widget\" data-widget_type=\"icon-box.default\">\n\t\t\t\t\t\t\t<div class=\"elementor-icon-box-wrapper\">\n\n\t\t\t\t\t\t<div class=\"elementor-icon-box-icon\">\n\t\t\t\t<span  class=\"elementor-icon\">\n\t\t\t\t<i aria-hidden=\"true\" class=\"fibd21- fi-bd21-time\"><\/i>\t\t\t\t<\/span>\n\t\t\t<\/div>\n\t\t\t\n\t\t\t\t\t\t<div class=\"elementor-icon-box-content\">\n\n\t\t\t\t\n\t\t\t\t\t\t\t\t\t<p class=\"elementor-icon-box-description\">\n\t\t\t\t\t\tMonday - Saturday <br>\n10:00 AM \u2014 7:00 PM\t\t\t\t\t<\/p>\n\t\t\t\t\n\t\t\t<\/div>\n\t\t\t\n\t\t<\/div>\n\t\t\t\t\t\t<\/div>\n\t\t\t\t\t<\/div>\n\t\t<\/div>\n\t\t\t\t<div class=\"elementor-column elementor-col-33 elementor-top-column elementor-element elementor-element-7a0efa0\" data-id=\"7a0efa0\" data-element_type=\"column\">\n\t\t\t<div class=\"elementor-widget-wrap elementor-element-populated\">\n\t\t\t\t\t\t<div class=\"elementor-element elementor-element-f44d0a0 elementor-view-default elementor-position-block-start elementor-mobile-position-block-start elementor-widget elementor-widget-icon-box\" data-id=\"f44d0a0\" data-element_type=\"widget\" data-widget_type=\"icon-box.default\">\n\t\t\t\t\t\t\t<div class=\"elementor-icon-box-wrapper\">\n\n\t\t\t\t\t\t<div class=\"elementor-icon-box-icon\">\n\t\t\t\t<span  class=\"elementor-icon\">\n\t\t\t\t<i aria-hidden=\"true\" class=\"fibd21- fi-bd21-map-pin\"><\/i>\t\t\t\t<\/span>\n\t\t\t<\/div>\n\t\t\t\n\t\t\t\t\t\t<div class=\"elementor-icon-box-content\">\n\n\t\t\t\t\n\t\t\t\t\t\t\t\t\t<p class=\"elementor-icon-box-description\">\n\t\t\t\t\t\tAkat, Nisbetiye Cd AKAT APT No:41\/23, 34335 <br>\nBe\u015fikta\u015f\/\u0130stanbul \t\t\t\t\t<\/p>\n\t\t\t\t\n\t\t\t<\/div>\n\t\t\t\n\t\t<\/div>\n\t\t\t\t\t\t<\/div>\n\t\t\t\t\t<\/div>\n\t\t<\/div>\n\t\t\t\t\t<\/div>\n\t\t<\/section>\n\t\t\t\t<\/div>","protected":false},"excerpt":{"rendered":"<p>MICROBLADING Home LA COULISSE BY G\u0130RAY ONAT &#8211; MICROBLADING MICROBLADING Microblading kal\u0131c\u0131 ka\u015f, seyrek, eksik ya da \u015fekli bozuk ka\u015flar\u0131n\u0131z\u0131 k\u0131l k\u0131l&hellip;<\/p>","protected":false},"author":1,"featured_media":0,"parent":2250,"menu_order":0,"comment_status":"closed","ping_status":"closed","template":"elementor_header_footer","meta":{"footnotes":""},"class_list":["post-4363","page","type-page","status-publish","hentry"],"jetpack_sharing_enabled":true,"_links":{"self":[{"href":"https:\/\/www.lacoulisse.com.tr\/en\/wp-json\/wp\/v2\/pages\/4363","targetHints":{"allow":["GET"]}}],"collection":[{"href":"https:\/\/www.lacoulisse.com.tr\/en\/wp-json\/wp\/v2\/pages"}],"about":[{"href":"https:\/\/www.lacoulisse.com.tr\/en\/wp-json\/wp\/v2\/types\/page"}],"author":[{"embeddable":true,"href":"https:\/\/www.lacoulisse.com.tr\/en\/wp-json\/wp\/v2\/users\/1"}],"replies":[{"embeddable":true,"href":"https:\/\/www.lacoulisse.com.tr\/en\/wp-json\/wp\/v2\/comments?post=4363"}],"version-history":[{"count":38,"href":"https:\/\/www.lacoulisse.com.tr\/en\/wp-json\/wp\/v2\/pages\/4363\/revisions"}],"predecessor-version":[{"id":5720,"href":"https:\/\/www.lacoulisse.com.tr\/en\/wp-json\/wp\/v2\/pages\/4363\/revisions\/5720"}],"up":[{"embeddable":true,"href":"https:\/\/www.lacoulisse.com.tr\/en\/wp-json\/wp\/v2\/pages\/2250"}],"wp:attachment":[{"href":"https:\/\/www.lacoulisse.com.tr\/en\/wp-json\/wp\/v2\/media?parent=4363"}],"curies":[{"name":"wp","href":"https:\/\/api.w.org\/{rel}","templated":true}]}}