{"id":4376,"date":"2026-01-17T23:14:57","date_gmt":"2026-01-17T23:14:57","guid":{"rendered":"https:\/\/www.lacoulisse.com.tr\/?page_id=4376"},"modified":"2026-02-19T21:35:25","modified_gmt":"2026-02-19T21:35:25","slug":"dudak-genclestirme","status":"publish","type":"page","link":"https:\/\/www.lacoulisse.com.tr\/en\/hizmetlerimiz\/dudak-genclestirme\/","title":{"rendered":"LIP REJUVENATION"},"content":{"rendered":"<div data-elementor-type=\"wp-page\" data-elementor-id=\"4376\" class=\"elementor elementor-4376\">\n\t\t\t\t\t\t<section class=\"elementor-section elementor-top-section elementor-element elementor-element-ae248c4 elementor-section-full_width elementor-section-height-default elementor-section-height-default\" data-id=\"ae248c4\" data-element_type=\"section\" data-settings=\"{&quot;background_background&quot;:&quot;classic&quot;}\">\n\t\t\t\t\t\t<div class=\"elementor-container elementor-column-gap-no\">\n\t\t\t\t\t<div class=\"elementor-column elementor-col-100 elementor-top-column elementor-element elementor-element-6b92c4e\" data-id=\"6b92c4e\" data-element_type=\"column\" data-settings=\"{&quot;background_background&quot;:&quot;classic&quot;}\">\n\t\t\t<div class=\"elementor-widget-wrap elementor-element-populated\">\n\t\t\t\t\t\t<div class=\"elementor-element elementor-element-b369bce elementor-widget elementor-widget-ideapark-page-header\" data-id=\"b369bce\" data-element_type=\"widget\" data-widget_type=\"ideapark-page-header.default\">\n\t\t\t\t<div class=\"elementor-widget-container\">\n\t\t\t\t\t\t<header\n\t\tclass=\"l-section c-page-header c-page-header--header-type-4 c-page-header--default c-page-header--low\"\n\t\t>\n\n\t\t\t\t\t<div class=\"c-page-header__wrap\">\n\t\t\t\t\t\t\t\t\t<h1 class=\"c-page-header__title\">LIP REJUVENATION<\/h1>\n\t\t\t\t\t\t\t<\/div>\n\t\t\t\t<nav aria-label=\"breadcrumbs\" class=\"rank-math-breadcrumb c-breadcrumbs\"><div class=\"c-breadcrumbs__list\"><span class=\"last\">Home<\/span><\/div><\/nav>\t<\/header>\n\t\t\t\t<\/div>\n\t\t\t\t<\/div>\n\t\t\t\t\t<\/div>\n\t\t<\/div>\n\t\t\t\t\t<\/div>\n\t\t<\/section>\n\t\t\t\t<section class=\"elementor-section elementor-top-section elementor-element elementor-element-bad1c37 elementor-section-boxed elementor-section-height-default elementor-section-height-default\" data-id=\"bad1c37\" data-element_type=\"section\">\n\t\t\t\t\t\t<div class=\"elementor-container elementor-column-gap-no\">\n\t\t\t\t\t<div class=\"elementor-column elementor-col-50 elementor-top-column elementor-element elementor-element-e93aae9\" data-id=\"e93aae9\" data-element_type=\"column\" data-settings=\"{&quot;background_background&quot;:&quot;classic&quot;}\">\n\t\t\t<div class=\"elementor-widget-wrap elementor-element-populated\">\n\t\t\t\t\t\t<div class=\"elementor-element elementor-element-07a565b elementor-widget__width-initial elementor-absolute elementor-widget elementor-widget-ideapark-circle-text\" data-id=\"07a565b\" data-element_type=\"widget\" data-settings=\"{&quot;_position&quot;:&quot;absolute&quot;}\" data-widget_type=\"ideapark-circle-text.default\">\n\t\t\t\t<div class=\"elementor-widget-container\">\n\t\t\t\t\t<div class=\"c-ip-circle-text\">\n<svg viewbox=\"0 0 130 130\" width=\"130\" height=\"130\" class=\"c-ip-circle-text__svg\">\n  <defs>\n    <path id=\"circle-07a565b\"\n      d=\"        M 65, 65        m -55.65, 0        a 55.65,55.65 0 1,1 111.3,0        a 55.65,55.65 0 1,1 -111.3,0\"\/>\n  <\/defs>\n  <text font-size=\"11\" class=\"c-ip-circle-text__title\">\n    <textpath xlink:href=\"#circle-07a565b\">\n\t     LA COULISSE BY G\u0130RAY ONAT - DUDAK GEN\u00c7LE\u015eT\u0130RME\n    <\/textpath>\n  <\/text>\n<\/svg>\n<\/div>\t\t\t\t<\/div>\n\t\t\t\t<\/div>\n\t\t\t\t<div class=\"elementor-element elementor-element-ba069de elementor-widget elementor-widget-image\" data-id=\"ba069de\" data-element_type=\"widget\" data-widget_type=\"image.default\">\n\t\t\t\t\t\t\t\t\t\t\t\t\t\t\t<img fetchpriority=\"high\" decoding=\"async\" width=\"520\" height=\"460\" src=\"https:\/\/www.lacoulisse.com.tr\/wp-content\/uploads\/2026\/01\/hizmetler-dudak-renklendirme-520x460.webp\" class=\"attachment-ideapark-thumbnail-image-width-2x size-ideapark-thumbnail-image-width-2x wp-image-4673\" alt=\"dudak gen\u00e7le\u015ftirme la coulisse\" srcset=\"https:\/\/www.lacoulisse.com.tr\/wp-content\/uploads\/2026\/01\/hizmetler-dudak-renklendirme-520x460.webp 520w, https:\/\/www.lacoulisse.com.tr\/wp-content\/uploads\/2026\/01\/hizmetler-dudak-renklendirme-260x230.webp 260w\" sizes=\"(max-width: 520px) 100vw, 520px\" \/>\t\t\t\t\t\t\t\t\t\t\t\t\t\t\t<\/div>\n\t\t\t\t<div class=\"elementor-element elementor-element-1250223 elementor-widget elementor-widget-image\" data-id=\"1250223\" data-element_type=\"widget\" data-widget_type=\"image.default\">\n\t\t\t\t\t\t\t\t\t\t\t\t\t\t\t<img decoding=\"async\" width=\"520\" height=\"460\" src=\"https:\/\/www.lacoulisse.com.tr\/wp-content\/uploads\/2026\/01\/hizmetler-dudak-renklendirme-2-520x460.webp\" class=\"attachment-ideapark-thumbnail-image-width-2x size-ideapark-thumbnail-image-width-2x wp-image-4672\" alt=\"\" srcset=\"https:\/\/www.lacoulisse.com.tr\/wp-content\/uploads\/2026\/01\/hizmetler-dudak-renklendirme-2-520x460.webp 520w, https:\/\/www.lacoulisse.com.tr\/wp-content\/uploads\/2026\/01\/hizmetler-dudak-renklendirme-2-260x230.webp 260w\" sizes=\"(max-width: 520px) 100vw, 520px\" \/>\t\t\t\t\t\t\t\t\t\t\t\t\t\t\t<\/div>\n\t\t\t\t\t<\/div>\n\t\t<\/div>\n\t\t\t\t<div class=\"elementor-column elementor-col-50 elementor-top-column elementor-element elementor-element-c3a1bbe\" data-id=\"c3a1bbe\" data-element_type=\"column\" data-settings=\"{&quot;background_background&quot;:&quot;classic&quot;}\">\n\t\t\t<div class=\"elementor-widget-wrap elementor-element-populated\">\n\t\t\t\t\t\t<div class=\"elementor-element elementor-element-051db8c elementor-widget elementor-widget-ideapark-heading\" data-id=\"051db8c\" data-element_type=\"widget\" data-widget_type=\"ideapark-heading.default\">\n\t\t\t\t<div class=\"elementor-widget-container\">\n\t\t\t\t\t<div class=\"c-ip-heading c-ip-heading--small c-ip-heading--center c-ip-heading--bullet-hide\"><span class=\"c-ip-heading__inner\">LIP REJUVENATION<\/span><\/div>\t\t\t\t<\/div>\n\t\t\t\t<\/div>\n\t\t\t\t<div class=\"elementor-element elementor-element-9787826 elementor-widget elementor-widget-ideapark-heading\" data-id=\"9787826\" data-element_type=\"widget\" data-widget_type=\"ideapark-heading.default\">\n\t\t\t\t<div class=\"elementor-widget-container\">\n\t\t\t\t\t<div class=\"c-ip-heading c-ip-heading--default c-ip-heading--left c-ip-heading--bullet-hide c-ip-heading--block-align-center\"><span class=\"c-ip-heading__inner\">Lip rejuvenation is a professional permanent makeup application that restores the natural pink tone to lips that have lost color over time, have blurred edges, appear dull, or have developed discoloration, while defining their contours and creating a youthful appearance. At La Coulisse, our center serving Etiler and Be\u015fikta\u015f, we perform a color analysis specific to your lip anatomy, create a natural pink tone with organic pigments that perfectly match your skin tone, redefine your lip lines, and offer you youthful and vibrant lips that last 2-3 years. With 20 years of experience and internationally certified permanent makeup specialists, we do more than just add color; we analyze your lip shape to determine the most suitable pink tone, cover age spots, correct contour loss, and restore your lips' natural fullness. It's not just about coloring your lips; it's about thoroughly examining your lip structure, customizing the pigment shade to match your skin undertone, correcting symmetry issues, eliminating signs of aging, and applying the treatment under medical hygiene standards. That's what true lip rejuvenation is all about.<br \/>\n<br \/>\nOur professional digital permanent makeup devices, combined with dermatologically approved organic and hypoallergenic lip pigments, ensure even color distribution and natural results without damaging your sensitive lip skin. At every stage, we protect your lip health by applying natural pink tones layer by layer, redefining lip contours with precise lines, and eliminating the dullness that causes an aged appearance. From the initial consultation to color selection, application, and recovery process, minimal pain and a comfortable procedure are our priority. With our single-use sterile needle cartridges, medical-grade organic pigments, individual color formulations, and hygienic working environment, we offer a lip rejuvenation experience that meets Etiler standards. At La Coulisse, lip rejuvenation is not just an aesthetic procedure; it is a reflection of the care you show yourself, allowing you to see vibrant pink lips every time you look in the mirror, look young and fresh without lipstick, and regain your confidence.<\/span><\/div>\t\t\t\t<\/div>\n\t\t\t\t<\/div>\n\t\t\t\t\t<\/div>\n\t\t<\/div>\n\t\t\t\t\t<\/div>\n\t\t<\/section>\n\t\t\t\t<section class=\"elementor-section elementor-top-section elementor-element elementor-element-15f4a7a elementor-section-boxed elementor-section-height-default elementor-section-height-default\" data-id=\"15f4a7a\" data-element_type=\"section\" data-settings=\"{&quot;background_background&quot;:&quot;classic&quot;}\">\n\t\t\t\t\t\t\t<div class=\"elementor-background-overlay\"><\/div>\n\t\t\t\t\t\t\t<div class=\"elementor-container elementor-column-gap-no\">\n\t\t\t\t\t<div class=\"elementor-column elementor-col-100 elementor-top-column elementor-element elementor-element-235a8f6\" data-id=\"235a8f6\" data-element_type=\"column\">\n\t\t\t<div class=\"elementor-widget-wrap elementor-element-populated\">\n\t\t\t\t\t\t<div class=\"elementor-element elementor-element-f1b3858 elementor-invisible elementor-widget elementor-widget-ideapark-video\" data-id=\"f1b3858\" data-element_type=\"widget\" data-settings=\"{&quot;_animation&quot;:&quot;zoomIn&quot;}\" data-widget_type=\"ideapark-video.default\">\n\t\t\t\t<div class=\"elementor-widget-container\">\n\t\t\t\t\t\t\t\t<div class=\"c-ip-video\">\n\t\t\t\t<a class=\"js-ip-video\" data-vbtype=\"video\" data-autoplay=\"true\" target=\"_blank\" onclick=\"return false;\" href=\"https:\/\/youtu.be\/W9TYzUIc70I?si=-AVEckxVk6Pabyi1\" rel=\"noopener\">\n\t\t\t\t\t<i class=\"c-play c-play--large c-ip-video__play\"><\/i>\n\t\t\t\t<\/a>\n\t\t\t<\/div>\n\t\t\t\t\t\t<\/div>\n\t\t\t\t<\/div>\n\t\t\t\t<div class=\"elementor-element elementor-element-9b9a1c9 elementor-widget elementor-widget-ideapark-heading\" data-id=\"9b9a1c9\" data-element_type=\"widget\" data-widget_type=\"ideapark-heading.default\">\n\t\t\t\t<div class=\"elementor-widget-container\">\n\t\t\t\t\t<div class=\"c-ip-heading c-ip-heading--medium c-ip-heading--center c-ip-heading--bullet-hide\"><span class=\"c-ip-heading__inner\">LIP REJUVENATION<\/span><\/div>\t\t\t\t<\/div>\n\t\t\t\t<\/div>\n\t\t\t\t\t<\/div>\n\t\t<\/div>\n\t\t\t\t\t<\/div>\n\t\t<\/section>\n\t\t\t\t<section class=\"elementor-section elementor-top-section elementor-element elementor-element-542f32c elementor-section-full_width elementor-section-height-default elementor-section-height-default\" data-id=\"542f32c\" data-element_type=\"section\" data-settings=\"{&quot;background_background&quot;:&quot;classic&quot;}\">\n\t\t\t\t\t\t<div class=\"elementor-container elementor-column-gap-no\">\n\t\t\t\t\t<div class=\"elementor-column elementor-col-100 elementor-top-column elementor-element elementor-element-de2cdd8\" data-id=\"de2cdd8\" data-element_type=\"column\">\n\t\t\t<div class=\"elementor-widget-wrap elementor-element-populated\">\n\t\t\t\t\t\t<div class=\"elementor-element elementor-element-5a826ba elementor-widget elementor-widget-ideapark-icon-list-1\" data-id=\"5a826ba\" data-element_type=\"widget\" data-widget_type=\"ideapark-icon-list-1.default\">\n\t\t\t\t<div class=\"elementor-widget-container\">\n\t\t\t\t\t\t\t<div class=\"c-ip-icon-list-1\">\n\t\t\t<ul class=\"c-ip-icon-list-1__list\">\n\t\t\t\t\t\t\t\t\t\t\t\t\t\t<li class=\"c-ip-icon-list-1__item\">\n\t\t\t\t\t\t\t\t\t\t\t\t\t<i aria-hidden=\"true\" class=\"c-ip-icon-list-1__icon fibd21- fi-bd21-natural\"><\/i>\t\t\t\t\t\t\t\t\t\t\t\t\t\t\t\t\t\t\t<div class=\"c-ip-icon-list-1__title\">NATURALNESS<\/div>\n\t\t\t\t\t\t\t<i class=\"ip-romb c-ip-icon-list-1__romb\"><\/i>\n\t\t\t\t\t\t\t\t\t\t\t\t\t\t\t\t\t\t\t<div class=\"c-ip-icon-list-1__description\">Beauty begins with naturalness. All the products we use at La Coulisse are carefully selected to reveal your natural radiance without harming your skin. Instead of chemical-laden formulas, we prefer premium products with natural ingredients.<\/div>\n\t\t\t\t\t\t\n\t\t\t\t\t\t\t\t\t\t\t\t\t\t\t\t\t<\/li>\n\t\t\t\t\t\t\t\t\t\t\t\t\t\t<li class=\"c-ip-icon-list-1__item\">\n\t\t\t\t\t\t\t\t\t\t\t\t\t<i aria-hidden=\"true\" class=\"c-ip-icon-list-1__icon fibd21- fi-bd21-crown\"><\/i>\t\t\t\t\t\t\t\t\t\t\t\t\t\t\t\t\t\t\t<div class=\"c-ip-icon-list-1__title\">HIGH QUALITY<\/div>\n\t\t\t\t\t\t\t<i class=\"ip-romb c-ip-icon-list-1__romb\"><\/i>\n\t\t\t\t\t\t\t\t\t\t\t\t\t\t\t\t\t\t\t<div class=\"c-ip-icon-list-1__description\">Quality is never an accident. Every product we use at La Coulisse, every technique we apply, and every service we offer is meticulously selected to meet the highest standards. We deliver excellence to you with reliable products from premium brands, crafted by expert hands.<\/div>\n\t\t\t\t\t\t\n\t\t\t\t\t\t\t\t\t\t\t\t\t\t\t\t\t<\/li>\n\t\t\t\t\t\t\t\t\t\t\t\t\t\t<li class=\"c-ip-icon-list-1__item\">\n\t\t\t\t\t\t\t\t\t\t\t\t\t<svg aria-hidden=\"true\" class=\"c-ip-icon-list-1__icon e-font-icon-svg e-far-star\" viewbox=\"0 0 576 512\" xmlns=\"http:\/\/www.w3.org\/2000\/svg\"><path d=\"M528.1 171.5L382 150.2 316.7 17.8c-11.7-23.6-45.6-23.9-57.4 0L194 150.2 47.9 171.5c-26.2 3.8-36.7 36.1-17.7 54.6l105.7 103-25 145.5c-4.5 26.3 23.2 46 46.4 33.7L288 439.6l130.7 68.7c23.2 12.2 50.9-7.4 46.4-33.7l-25-145.5 105.7-103c19-18.5 8.5-50.8-17.7-54.6zM388.6 312.3l23.7 138.4L288 385.4l-124.3 65.3 23.7-138.4-100.6-98 139-20.2 62.2-126 62.2 126 139 20.2-100.6 98z\"><\/path><\/svg>\t\t\t\t\t\t\t\t\t\t\t\t\t\t\t\t\t\t\t<div class=\"c-ip-icon-list-1__title\"> PROFESSIONAL CARE<\/div>\n\t\t\t\t\t\t\t<i class=\"ip-romb c-ip-icon-list-1__romb\"><\/i>\n\t\t\t\t\t\t\t\t\t\t\t\t\t\t\t\t\t\t\t<div class=\"c-ip-icon-list-1__description\">Eyebrow design and skin care are specialized arts. Our team, equipped with years of training, certifications, and experience, provides professional and safe services to each of our customers. At La Coulisse, every procedure is performed by expert hands.<\/div>\n\t\t\t\t\t\t\n\t\t\t\t\t\t\t\t\t\t\t\t\t\t\t\t\t<\/li>\n\t\t\t\t\t\t\t<\/ul>\n\t\t<\/div>\n\t\t\t\t\t\t<\/div>\n\t\t\t\t<\/div>\n\t\t\t\t\t<\/div>\n\t\t<\/div>\n\t\t\t\t\t<\/div>\n\t\t<\/section>\n\t\t\t\t<section class=\"elementor-section elementor-top-section elementor-element elementor-element-42d79fc elementor-section-boxed elementor-section-height-default elementor-section-height-default\" data-id=\"42d79fc\" data-element_type=\"section\">\n\t\t\t\t\t\t<div class=\"elementor-container elementor-column-gap-no\">\n\t\t\t\t\t<div class=\"elementor-column elementor-col-33 elementor-top-column elementor-element elementor-element-dd44225\" data-id=\"dd44225\" data-element_type=\"column\">\n\t\t\t<div class=\"elementor-widget-wrap elementor-element-populated\">\n\t\t\t\t\t\t<div class=\"elementor-element elementor-element-99f31c0 elementor-view-default elementor-position-block-start elementor-mobile-position-block-start elementor-widget elementor-widget-icon-box\" data-id=\"99f31c0\" data-element_type=\"widget\" data-widget_type=\"icon-box.default\">\n\t\t\t\t\t\t\t<div class=\"elementor-icon-box-wrapper\">\n\n\t\t\t\t\t\t<div class=\"elementor-icon-box-icon\">\n\t\t\t\t<span  class=\"elementor-icon\">\n\t\t\t\t<i aria-hidden=\"true\" class=\"fibd21- fi-bd21-phone\"><\/i>\t\t\t\t<\/span>\n\t\t\t<\/div>\n\t\t\t\n\t\t\t\t\t\t<div class=\"elementor-icon-box-content\">\n\n\t\t\t\t\n\t\t\t\t\t\t\t\t\t<p class=\"elementor-icon-box-description\">\n\t\t\t\t\t\t0501 124 25 26<br>\ninfo@lacoulisse.com.tr\t\t\t\t\t<\/p>\n\t\t\t\t\n\t\t\t<\/div>\n\t\t\t\n\t\t<\/div>\n\t\t\t\t\t\t<\/div>\n\t\t\t\t\t<\/div>\n\t\t<\/div>\n\t\t\t\t<div class=\"elementor-column elementor-col-33 elementor-top-column elementor-element elementor-element-f421796\" data-id=\"f421796\" data-element_type=\"column\">\n\t\t\t<div class=\"elementor-widget-wrap elementor-element-populated\">\n\t\t\t\t\t\t<div class=\"elementor-element elementor-element-8eb7d9c elementor-view-default elementor-position-block-start elementor-mobile-position-block-start elementor-widget elementor-widget-icon-box\" data-id=\"8eb7d9c\" data-element_type=\"widget\" data-widget_type=\"icon-box.default\">\n\t\t\t\t\t\t\t<div class=\"elementor-icon-box-wrapper\">\n\n\t\t\t\t\t\t<div class=\"elementor-icon-box-icon\">\n\t\t\t\t<span  class=\"elementor-icon\">\n\t\t\t\t<i aria-hidden=\"true\" class=\"fibd21- fi-bd21-time\"><\/i>\t\t\t\t<\/span>\n\t\t\t<\/div>\n\t\t\t\n\t\t\t\t\t\t<div class=\"elementor-icon-box-content\">\n\n\t\t\t\t\n\t\t\t\t\t\t\t\t\t<p class=\"elementor-icon-box-description\">\n\t\t\t\t\t\tMonday - Saturday<br>\n10:00 AM \u2014 7:00 PM\t\t\t\t\t<\/p>\n\t\t\t\t\n\t\t\t<\/div>\n\t\t\t\n\t\t<\/div>\n\t\t\t\t\t\t<\/div>\n\t\t\t\t\t<\/div>\n\t\t<\/div>\n\t\t\t\t<div class=\"elementor-column elementor-col-33 elementor-top-column elementor-element elementor-element-7a0efa0\" data-id=\"7a0efa0\" data-element_type=\"column\">\n\t\t\t<div class=\"elementor-widget-wrap elementor-element-populated\">\n\t\t\t\t\t\t<div class=\"elementor-element elementor-element-f44d0a0 elementor-view-default elementor-position-block-start elementor-mobile-position-block-start elementor-widget elementor-widget-icon-box\" data-id=\"f44d0a0\" data-element_type=\"widget\" data-widget_type=\"icon-box.default\">\n\t\t\t\t\t\t\t<div class=\"elementor-icon-box-wrapper\">\n\n\t\t\t\t\t\t<div class=\"elementor-icon-box-icon\">\n\t\t\t\t<span  class=\"elementor-icon\">\n\t\t\t\t<i aria-hidden=\"true\" class=\"fibd21- fi-bd21-map-pin\"><\/i>\t\t\t\t<\/span>\n\t\t\t<\/div>\n\t\t\t\n\t\t\t\t\t\t<div class=\"elementor-icon-box-content\">\n\n\t\t\t\t\n\t\t\t\t\t\t\t\t\t<p class=\"elementor-icon-box-description\">\n\t\t\t\t\t\tAkat, Nisbetiye Cd AKAT APT No:41\/23, 34335 <br>\nBe\u015fikta\u015f\/\u0130stanbul \t\t\t\t\t<\/p>\n\t\t\t\t\n\t\t\t<\/div>\n\t\t\t\n\t\t<\/div>\n\t\t\t\t\t\t<\/div>\n\t\t\t\t\t<\/div>\n\t\t<\/div>\n\t\t\t\t\t<\/div>\n\t\t<\/section>\n\t\t\t\t<\/div>","protected":false},"excerpt":{"rendered":"<p>DUDAK GEN\u00c7LE\u015eT\u0130RME Home LA COULISSE BY G\u0130RAY ONAT &#8211; DUDAK GEN\u00c7LE\u015eT\u0130RME DUDAK GEN\u00c7LE\u015eT\u0130RME Dudak gen\u00e7le\u015ftirme, zamanla renk kaybeden, s\u0131n\u0131rlar\u0131 belirsizle\u015fen, solgun ya&hellip;<\/p>","protected":false},"author":1,"featured_media":0,"parent":2250,"menu_order":0,"comment_status":"closed","ping_status":"closed","template":"elementor_header_footer","meta":{"footnotes":""},"class_list":["post-4376","page","type-page","status-publish","hentry"],"jetpack_sharing_enabled":true,"_links":{"self":[{"href":"https:\/\/www.lacoulisse.com.tr\/en\/wp-json\/wp\/v2\/pages\/4376","targetHints":{"allow":["GET"]}}],"collection":[{"href":"https:\/\/www.lacoulisse.com.tr\/en\/wp-json\/wp\/v2\/pages"}],"about":[{"href":"https:\/\/www.lacoulisse.com.tr\/en\/wp-json\/wp\/v2\/types\/page"}],"author":[{"embeddable":true,"href":"https:\/\/www.lacoulisse.com.tr\/en\/wp-json\/wp\/v2\/users\/1"}],"replies":[{"embeddable":true,"href":"https:\/\/www.lacoulisse.com.tr\/en\/wp-json\/wp\/v2\/comments?post=4376"}],"version-history":[{"count":55,"href":"https:\/\/www.lacoulisse.com.tr\/en\/wp-json\/wp\/v2\/pages\/4376\/revisions"}],"predecessor-version":[{"id":5723,"href":"https:\/\/www.lacoulisse.com.tr\/en\/wp-json\/wp\/v2\/pages\/4376\/revisions\/5723"}],"up":[{"embeddable":true,"href":"https:\/\/www.lacoulisse.com.tr\/en\/wp-json\/wp\/v2\/pages\/2250"}],"wp:attachment":[{"href":"https:\/\/www.lacoulisse.com.tr\/en\/wp-json\/wp\/v2\/media?parent=4376"}],"curies":[{"name":"wp","href":"https:\/\/api.w.org\/{rel}","templated":true}]}}